{"id":734,"date":"2020-01-02T15:37:54","date_gmt":"2020-01-02T15:37:54","guid":{"rendered":"http:\/\/www.kriesi.at\/themes\/enfold\/?page_id=734"},"modified":"2020-01-07T19:05:20","modified_gmt":"2020-01-07T19:05:20","slug":"homepage","status":"publish","type":"page","link":"https:\/\/a-nrw.de\/","title":{"rendered":"a-nrw"},"content":{"rendered":"<div id='layer_slider_1'  class='avia-layerslider main_color avia-shadow  avia-builder-el-0  el_before_av_section  avia-builder-el-first  container_wrap sidebar_right'  style='height: 851px; max-width: 1410px; margin: 0 auto;'  ><\/div>\n\n<style type=\"text\/css\" data-created_by=\"avia_inline_auto\" id=\"style-css-av-i8l09a-60959abb70d150d62b9fee00ac3cbb87\">\n.avia-section.av-i8l09a-60959abb70d150d62b9fee00ac3cbb87{\nbackground-repeat:no-repeat;\nbackground-image:url(https:\/\/a-nrw.de\/wp-content\/uploads\/2020\/01\/modern-glass-staircase-at-manhattan-300x293.jpg);\nbackground-position:50% 50%;\nbackground-attachment:fixed;\n}\n.avia-section.av-i8l09a-60959abb70d150d62b9fee00ac3cbb87 .av-section-color-overlay{\nopacity:0.9;\nbackground-color:#35383c;\n}\n<\/style>\n<div id='about'  class='avia-section av-i8l09a-60959abb70d150d62b9fee00ac3cbb87 main_color avia-section-huge avia-no-border-styling  avia-builder-el-1  el_after_av_layerslider  el_before_av_section  avia-full-stretch avia-bg-style-fixed av-section-color-overlay-active container_wrap sidebar_right'  data-section-bg-repeat='stretch'><div class=\"av-section-color-overlay-wrap\"><div class=\"av-section-color-overlay\"><\/div><div class='container av-section-cont-open' ><div class='template-page content  av-content-small alpha units'><div class='post-entry post-entry-type-page post-entry-734'><div class='entry-content-wrapper clearfix'>\n\n<style type=\"text\/css\" data-created_by=\"avia_inline_auto\" id=\"style-css-sub-av-t6l87a-3494f5da4a3a4f41a332e2902652eab8\">\n.av-hotspot-image-container .av-image-hotspot.av-7umy6-a371573bcb9fdb329e35d80884442db9{\ntop:13.7%;\nleft:27.8%;\n}\n.av-hotspot-image-container .av-image-hotspot.av-dzj3y-3871d6f8304811f2d961ce3f7615592d{\ntop:53.7%;\nleft:9.9%;\n}\n.av-hotspot-image-container .av-image-hotspot.av-bo9fa-4edb665a87f9835fd5b24735652080b6{\ntop:48.6%;\nleft:85.3%;\n}\n<\/style>\n<div  class='av-hotspot-image-container av-t6l87a-3494f5da4a3a4f41a332e2902652eab8  avia-builder-el-2  avia-builder-el-no-sibling  av-medium-hide av-hotspot-numbered av-permanent-tooltip avia_animated_image avia_animate_when_almost_visible bottom-to-top av-mobile-fallback-active  av-non-fullwidth-hotspot-image'  itemprop=\"image\" itemscope=\"itemscope\" itemtype=\"https:\/\/schema.org\/ImageObject\" ><div class='av-hotspot-container'><div class='av-hotspot-container-inner-cell'><div class='av-hotspot-container-inner-wrap'><div class='av-image-hotspot av-7umy6-a371573bcb9fdb329e35d80884442db9 av-image-hotspot-1 av-permanent-tooltip' data-avia-tooltip-position='top' data-avia-tooltip-alignment='centered' data-avia-tooltip-class='av-tt-large-width av-tt-pos-above av-tt-align-centered  av-mobile-fallback-active  av-permanent-tooltip-single  main_color av-tooltip-shadow av-tt-hotspot' data-avia-tooltip='&lt;p&gt;Ian Alder&lt;\/p&gt;\n'><a href=http:\/\/alder.a-nrw.de\/  class='av-image-hotspot_inner'>1<\/a><div class='av-image-hotspot-pulse'><\/div><\/div><div class='av-image-hotspot av-dzj3y-3871d6f8304811f2d961ce3f7615592d av-image-hotspot-2 av-permanent-tooltip' data-avia-tooltip-position='top' data-avia-tooltip-alignment='centered' data-avia-tooltip-class='av-tt-large-width av-tt-pos-above av-tt-align-centered  av-mobile-fallback-active  av-permanent-tooltip-single  main_color av-tooltip-shadow av-tt-hotspot' data-avia-tooltip='&lt;p&gt;Golden Valley Retriever&lt;\/p&gt;\n'><a href=http:\/\/golden-valley-retriever.de  class='av-image-hotspot_inner'>2<\/a><div class='av-image-hotspot-pulse'><\/div><\/div><div class='av-image-hotspot av-bo9fa-4edb665a87f9835fd5b24735652080b6 av-image-hotspot-3 av-permanent-tooltip' data-avia-tooltip-position='top' data-avia-tooltip-alignment='centered' data-avia-tooltip-class='av-tt-large-width av-tt-pos-above av-tt-align-centered  av-mobile-fallback-active  av-permanent-tooltip-single  main_color av-tooltip-shadow av-tt-hotspot' data-avia-tooltip='&lt;p&gt;Home&lt;\/p&gt;\n'><a href=http:\/\/a-nrw.de  class='av-image-hotspot_inner'>3<\/a><div class='av-image-hotspot-pulse'><\/div><\/div><img decoding=\"async\" class='wp-image-3636 avia-img-lazy-loading-not-3636 avia_image' src=\"https:\/\/a-nrw.de\/wp-content\/uploads\/2020\/01\/Bild-mit-Hotspots-1030x576.png\" alt='' title='a-nrw'  height=\"576\" width=\"1030\"  itemprop=\"thumbnailUrl\" srcset=\"https:\/\/a-nrw.de\/wp-content\/uploads\/2020\/01\/Bild-mit-Hotspots-1030x576.png 1030w, https:\/\/a-nrw.de\/wp-content\/uploads\/2020\/01\/Bild-mit-Hotspots-300x168.png 300w, https:\/\/a-nrw.de\/wp-content\/uploads\/2020\/01\/Bild-mit-Hotspots-768x430.png 768w, https:\/\/a-nrw.de\/wp-content\/uploads\/2020\/01\/Bild-mit-Hotspots-705x394.png 705w, https:\/\/a-nrw.de\/wp-content\/uploads\/2020\/01\/Bild-mit-Hotspots.png 1416w\" sizes=\"(max-width: 1030px) 100vw, 1030px\" \/><\/div><\/div><\/div><div class='av-hotspot-fallback-tooltip av-image-hotspot-1 av-permanent-tooltip'><div class=\"av-hotspot-fallback-tooltip-count\">1<div class=\"avia-arrow\"><\/div><\/div><div class=\"av-hotspot-fallback-tooltip-inner clearfix\"><p>Ian Alder<\/p>\n<\/div><\/div><div class='av-hotspot-fallback-tooltip av-image-hotspot-2 av-permanent-tooltip'><div class=\"av-hotspot-fallback-tooltip-count\">2<div class=\"avia-arrow\"><\/div><\/div><div class=\"av-hotspot-fallback-tooltip-inner clearfix\"><p>Golden Valley Retriever<\/p>\n<\/div><\/div><div class='av-hotspot-fallback-tooltip av-image-hotspot-3 av-permanent-tooltip'><div class=\"av-hotspot-fallback-tooltip-count\">3<div class=\"avia-arrow\"><\/div><\/div><div class=\"av-hotspot-fallback-tooltip-inner clearfix\"><p>Home<\/p>\n<\/div><\/div><\/div>\n\n<\/div><\/div><\/div><!-- close content main div --><\/div><\/div><\/div>\n<style type=\"text\/css\" data-created_by=\"avia_inline_auto\" id=\"style-css-av-i8l09a-6c6a94198465677f5aa4cc075afb2073\">\n.avia-section.av-i8l09a-6c6a94198465677f5aa4cc075afb2073{\nbackground-repeat:no-repeat;\nbackground-image:url(https:\/\/a-nrw.de\/wp-content\/uploads\/2020\/01\/modern-glass-staircase-at-manhattan-300x293.jpg);\nbackground-position:50% 50%;\nbackground-attachment:fixed;\n}\n.avia-section.av-i8l09a-6c6a94198465677f5aa4cc075afb2073 .av-section-color-overlay{\nopacity:0.9;\nbackground-color:#35383c;\n}\n<\/style>\n<div id='contact'  class='avia-section av-i8l09a-6c6a94198465677f5aa4cc075afb2073 main_color avia-section-huge avia-no-border-styling  avia-builder-el-3  el_after_av_section  avia-builder-el-last  avia-full-stretch avia-bg-style-fixed av-section-color-overlay-active container_wrap sidebar_right'  data-section-bg-repeat='stretch'><div class=\"av-section-color-overlay-wrap\"><div class=\"av-section-color-overlay\"><\/div><div class='container av-section-cont-open' ><div class='template-page content  av-content-small alpha units'><div class='post-entry post-entry-type-page post-entry-734'><div class='entry-content-wrapper clearfix'>\n\n<style type=\"text\/css\" data-created_by=\"avia_inline_auto\" id=\"style-css-av-av_heading-2305462f2f57bf99086d5d3004aa93fe\">\n#top .av-special-heading.av-av_heading-2305462f2f57bf99086d5d3004aa93fe{\npadding-bottom:20px;\ncolor:#ffffff;\nfont-size:40px;\n}\nbody .av-special-heading.av-av_heading-2305462f2f57bf99086d5d3004aa93fe .av-special-heading-tag .heading-char{\nfont-size:25px;\n}\n#top #wrap_all .av-special-heading.av-av_heading-2305462f2f57bf99086d5d3004aa93fe .av-special-heading-tag{\nfont-size:40px;\n}\n.av-special-heading.av-av_heading-2305462f2f57bf99086d5d3004aa93fe .special-heading-inner-border{\nborder-color:#ffffff;\n}\n.av-special-heading.av-av_heading-2305462f2f57bf99086d5d3004aa93fe .av-subheading{\nfont-size:15px;\n}\n\n@media only screen and (min-width: 480px) and (max-width: 767px){ \n#top #wrap_all .av-special-heading.av-av_heading-2305462f2f57bf99086d5d3004aa93fe .av-special-heading-tag{\nfont-size:0.8em;\n}\n}\n\n@media only screen and (max-width: 479px){ \n#top #wrap_all .av-special-heading.av-av_heading-2305462f2f57bf99086d5d3004aa93fe .av-special-heading-tag{\nfont-size:0.8em;\n}\n}\n<\/style>\n<div  class='av-special-heading av-av_heading-2305462f2f57bf99086d5d3004aa93fe av-special-heading-h1 custom-color-heading blockquote modern-quote modern-centered  avia-builder-el-4  el_before_av_one_fifth  avia-builder-el-first  av-inherit-size'><h1 class='av-special-heading-tag'  itemprop=\"headline\"  >Contact<\/h1><div class=\"special-heading-border\"><div class=\"special-heading-inner-border\"><\/div><\/div><\/div>\n\n<style type=\"text\/css\" data-created_by=\"avia_inline_auto\" id=\"style-css-av-1souw6-5a0855b3c1d92a2ca6f8f7c0339cd2d7\">\n.flex_column.av-1souw6-5a0855b3c1d92a2ca6f8f7c0339cd2d7{\n-webkit-border-radius:0px 0px 0px 0px;\n-moz-border-radius:0px 0px 0px 0px;\nborder-radius:0px 0px 0px 0px;\npadding:0px 0px 0px 0px;\n}\n<\/style>\n<div class='flex_column av-1souw6-5a0855b3c1d92a2ca6f8f7c0339cd2d7 av_one_fifth  avia-builder-el-5  el_after_av_heading  el_before_av_three_fifth  first flex_column_div av-animated-generic fade-in av-zero-column-padding '     ><\/div>\n<style type=\"text\/css\" data-created_by=\"avia_inline_auto\" id=\"style-css-av-hq5krq-1949271068ba35996902e9465b615ed9\">\n.flex_column.av-hq5krq-1949271068ba35996902e9465b615ed9{\n-webkit-border-radius:0px 0px 0px 0px;\n-moz-border-radius:0px 0px 0px 0px;\nborder-radius:0px 0px 0px 0px;\npadding:0px 0px 0px 0px;\n}\n<\/style>\n<div class='flex_column av-hq5krq-1949271068ba35996902e9465b615ed9 av_three_fifth  avia-builder-el-6  el_after_av_one_fifth  el_before_av_one_fifth  flex_column_div av-animated-generic fade-in av-zero-column-padding '     ><style type=\"text\/css\" data-created_by=\"avia_inline_auto\" id=\"style-css-av-k548u1qy-764e06bb68a3e6a0b802f682f2952028\">\n#top .av-special-heading.av-k548u1qy-764e06bb68a3e6a0b802f682f2952028{\npadding-bottom:20px;\ncolor:#ffffff;\nfont-size:40px;\n}\nbody .av-special-heading.av-k548u1qy-764e06bb68a3e6a0b802f682f2952028 .av-special-heading-tag .heading-char{\nfont-size:25px;\n}\n#top #wrap_all .av-special-heading.av-k548u1qy-764e06bb68a3e6a0b802f682f2952028 .av-special-heading-tag{\nfont-size:40px;\n}\n.av-special-heading.av-k548u1qy-764e06bb68a3e6a0b802f682f2952028 .special-heading-inner-border{\nborder-color:#ffffff;\n}\n.av-special-heading.av-k548u1qy-764e06bb68a3e6a0b802f682f2952028 .av-subheading{\nfont-size:15px;\n}\n\n@media only screen and (min-width: 480px) and (max-width: 767px){ \n#top #wrap_all .av-special-heading.av-k548u1qy-764e06bb68a3e6a0b802f682f2952028 .av-special-heading-tag{\nfont-size:0.8em;\n}\n}\n\n@media only screen and (max-width: 479px){ \n#top #wrap_all .av-special-heading.av-k548u1qy-764e06bb68a3e6a0b802f682f2952028 .av-special-heading-tag{\nfont-size:0.8em;\n}\n}\n<\/style>\n<div  class='av-special-heading av-k548u1qy-764e06bb68a3e6a0b802f682f2952028 av-special-heading-h1 custom-color-heading blockquote modern-quote modern-centered  avia-builder-el-7  avia-builder-el-no-sibling  av-inherit-size'><h1 class='av-special-heading-tag'  itemprop=\"headline\"  >ian@a-nrw.de<\/h1><div class='av_custom_color av-subheading av-subheading_below'><p>v.i.S.d.P<\/p>\n<p>Haftungshinweis: Trotz sorgf\u00e4ltiger inhaltlicher Kontrolle \u00fcbernehme ich keine Haftung f\u00fcr die Inhalte externer Links. F\u00fcr den Inhalt der verlinkten Seiten sind ausschlie\u00dflich deren Betreiber verantwortlich.<\/p>\n<p>\u00a9 Copyright a-nrw<\/p>\n<\/div><div class=\"special-heading-border\"><div class=\"special-heading-inner-border\"><\/div><\/div><\/div><\/div>\n<style type=\"text\/css\" data-created_by=\"avia_inline_auto\" id=\"style-css-av-h05zfy-52d06c3978a4dabf8db7f5c54b8f2e90\">\n.flex_column.av-h05zfy-52d06c3978a4dabf8db7f5c54b8f2e90{\n-webkit-border-radius:0px 0px 0px 0px;\n-moz-border-radius:0px 0px 0px 0px;\nborder-radius:0px 0px 0px 0px;\npadding:0px 0px 0px 0px;\n}\n<\/style>\n<div class='flex_column av-h05zfy-52d06c3978a4dabf8db7f5c54b8f2e90 av_one_fifth  avia-builder-el-8  el_after_av_three_fifth  avia-builder-el-last  flex_column_div av-animated-generic fade-in av-zero-column-padding '     ><\/div><\/div><\/div><\/div><!-- close content main div --><\/div><\/div><\/div><div id='after_section_2'  class='main_color av_default_container_wrap container_wrap sidebar_right'  ><div class='container av-section-cont-open' ><div class='template-page content  av-content-small alpha units'><div class='post-entry post-entry-type-page post-entry-734'><div class='entry-content-wrapper clearfix'>\n","protected":false},"excerpt":{"rendered":"<p>This is a Page excerpt. It will be displayed for search results<\/p>\n","protected":false},"author":1,"featured_media":0,"parent":0,"menu_order":0,"comment_status":"open","ping_status":"closed","template":"","meta":{"footnotes":""},"class_list":["post-734","page","type-page","status-publish","hentry"],"_links":{"self":[{"href":"https:\/\/a-nrw.de\/index.php?rest_route=\/wp\/v2\/pages\/734","targetHints":{"allow":["GET"]}}],"collection":[{"href":"https:\/\/a-nrw.de\/index.php?rest_route=\/wp\/v2\/pages"}],"about":[{"href":"https:\/\/a-nrw.de\/index.php?rest_route=\/wp\/v2\/types\/page"}],"author":[{"embeddable":true,"href":"https:\/\/a-nrw.de\/index.php?rest_route=\/wp\/v2\/users\/1"}],"replies":[{"embeddable":true,"href":"https:\/\/a-nrw.de\/index.php?rest_route=%2Fwp%2Fv2%2Fcomments&post=734"}],"version-history":[{"count":28,"href":"https:\/\/a-nrw.de\/index.php?rest_route=\/wp\/v2\/pages\/734\/revisions"}],"predecessor-version":[{"id":3699,"href":"https:\/\/a-nrw.de\/index.php?rest_route=\/wp\/v2\/pages\/734\/revisions\/3699"}],"wp:attachment":[{"href":"https:\/\/a-nrw.de\/index.php?rest_route=%2Fwp%2Fv2%2Fmedia&parent=734"}],"curies":[{"name":"wp","href":"https:\/\/api.w.org\/{rel}","templated":true}]}}